{"id":2387,"date":"2020-10-14T21:25:20","date_gmt":"2020-10-14T19:25:20","guid":{"rendered":"http:\/\/www.pentathlonmoderno.it\/SitoWP\/?page_id=2387"},"modified":"2020-10-14T21:36:13","modified_gmt":"2020-10-14T19:36:13","slug":"privacy-policy","status":"publish","type":"page","link":"https:\/\/www.pentathlonmoderno.it\/SitoWP\/?page_id=2387","title":{"rendered":"Privacy policy"},"content":{"rendered":"\n<p>Cookie Policy<\/p>\n\n\n\n<p>Il presente sito non utilizza cookie proprietari e rispetta e tutela la riservatezza dei visitatori e degli utenti, in ottemperanza agli obblighi di legge derivanti dalle normative nazionali e comunitarie in materia di tutela dei dati personali. Nel sito sono presenti soltanto cookie di terze parti, generati da servizi esterni al sito stesso ( es. Google, Facebook, YouTube ) che non possono essere gestiti direttamente dal sito. A tutela del visitatore si pubblica la seguente privacy policy del sito che si applica esclusivamente alle attivit\u00e0 online del sito ed \u00e8 valida per i visitatori del sito stesso.<\/p>\n\n\n\n<p>Consenso<\/p>\n\n\n\n<p>Con l\u2019uso, la navigazione o la consultazione del presente sito web, i visitatori acconsentono esplicitamente alla privacy policy del sito e all\u2019utilizzo dei dati personali nelle modalit\u00e0 descritte qui di seguito.<\/p>\n\n\n\n<p>Dati e log del server<\/p>\n\n\n\n<p>Il server che ospita il sito web raccoglie alcune informazioni nei log files in modo automatico, quando l\u2019utente visita il sito. Queste informazioni sono anonime e non riguardano le informazioni personali dell\u2019utente, &nbsp;sono registrate in modo automatico e archiviate in forma aggregata per consentire la verifica del corretto funzionamento del computer server e del sito. Non sono presenti informazioni correlate alla persona fisica (utente) e non ci sono informazioni che permettano in alcun modo l\u2019identificazione della persona.<\/p>\n\n\n\n<p>Cookies<\/p>\n\n\n\n<p>Questo sito web non utilizza cookie proprietari. I cookie sono piccoli file di testo registrate dai server sui computer degli utenti, per consentire l\u2019erogazione dei servizi o per semplificare la navigazione.<\/p>\n\n\n\n<p>Pur non usando cookie proprietari, su questo sito web possono essere presenti cookie di terze parti. I cookie di terze parti sono gestiti da societ\u00e0 esterne tramite widget inseriti sul sito web. Alcuni esempi di cookie di terze parti sono i pulsanti sociali dei social network ( Facebook, Twitter, Google+ ), i servizi statistici ( Google Analytics ) e pubblicitari ( Google Adsense, Tradedoubler, ecc. ). Utilizzando il sito web e navigando nelle pagine del sito web il visitatore acconsente espressamente all\u2019uso dei cookies.<\/p>\n\n\n\n<p>Disabilitazione cookie<\/p>\n\n\n\n<p>Per cancellare il cookie di accettazione del consenso l\u2019utente pu\u00f2 cliccare sulla funzione Delete Cookies del proprio browser.<\/p>\n\n\n\n<p>Cookies di terze parti<\/p>\n\n\n\n<p>Per cookie di terze parti si intende un cookie gestito da societ\u00e0 esterne al sito web, integrati nei widget aggiunti sul sito web ( es. script per far vedere i pulsanti sociali dei social network, script per rilevare i dati statistici del sito, script per far visualizzare annunci pubblicitari, ecc. ). Nel caso dei cookie di terze parti il sito web \u00e8 soltanto un intermediario. La presente privacy policy non si applica ai servizi forniti da terze parti, e questo sito non ha alcun controllo sui loro cookies ( cookie di terze parti ) che possono essere gestiti esclusivamente dalle terze parti, a cui si rimanda per ogni ulteriore informazione e obbligo. I cookie di terze parti sono ceduti agli utenti da siti web terzi, altri siti web diversi dal presente. Ai siti web terzi spetta l\u2019obbligo dell\u2019acquisizione del consenso dei cookie di terze parti. Questo sito non partecipa in alcun modo, n\u00e9 pu\u00f2 controllare, l\u2019attivit\u00e0 sui cookie di terze parti, n\u00e9 ha informazioni sulle modalit\u00e0 e sulle finalit\u00e0 di utilizzo di detti cookie.<\/p>\n\n\n\n<p>I servizi di terze parti potrebbero condividere i dati raccolti con servizi situati al di fuori dell\u2019Unione Europea. Il trasferimento dei dati \u00e8 autorizzati sulla base delle decisioni prese in materia dalla Ue e dal garante per la tutela del dai personali e non \u00e8 necessario il consenso da parte dell\u2019utente.<\/p>\n\n\n\n<p>Questo sito \u00e8 ospitato sui server della societ\u00e0 Aruba Spa di Arezzo.<\/p>\n\n\n\n<p>La privacy policy \u00e8 aggiornata al 14-10-2020.<\/p>\n\n\n\n<p><\/p>\n\n\n\n<p><a href=\"https:\/\/www.garanteprivacy.it\/web\/guest\/home\/docweb\/-\/docweb-display\/docweb\/3118884\">https:\/\/www.garanteprivacy.it\/web\/guest\/home\/docweb\/-\/docweb-display\/docweb\/3118884<\/a><\/p>\n","protected":false},"excerpt":{"rendered":"<p>Cookie Policy Il presente sito non utilizza cookie proprietari e rispetta e tutela la riservatezza dei visitatori e degli utenti, in ottemperanza agli obblighi di legge derivanti dalle normative nazionali e comunitarie in materia di tutela dei dati personali. Nel sito sono presenti soltanto cookie di terze parti, generati da servizi esterni al sito stesso [&hellip;]<\/p>\n","protected":false},"author":1,"featured_media":0,"parent":0,"menu_order":0,"comment_status":"closed","ping_status":"closed","template":"","meta":[],"_links":{"self":[{"href":"https:\/\/www.pentathlonmoderno.it\/SitoWP\/index.php?rest_route=\/wp\/v2\/pages\/2387"}],"collection":[{"href":"https:\/\/www.pentathlonmoderno.it\/SitoWP\/index.php?rest_route=\/wp\/v2\/pages"}],"about":[{"href":"https:\/\/www.pentathlonmoderno.it\/SitoWP\/index.php?rest_route=\/wp\/v2\/types\/page"}],"author":[{"embeddable":true,"href":"https:\/\/www.pentathlonmoderno.it\/SitoWP\/index.php?rest_route=\/wp\/v2\/users\/1"}],"replies":[{"embeddable":true,"href":"https:\/\/www.pentathlonmoderno.it\/SitoWP\/index.php?rest_route=%2Fwp%2Fv2%2Fcomments&post=2387"}],"version-history":[{"count":3,"href":"https:\/\/www.pentathlonmoderno.it\/SitoWP\/index.php?rest_route=\/wp\/v2\/pages\/2387\/revisions"}],"predecessor-version":[{"id":2391,"href":"https:\/\/www.pentathlonmoderno.it\/SitoWP\/index.php?rest_route=\/wp\/v2\/pages\/2387\/revisions\/2391"}],"wp:attachment":[{"href":"https:\/\/www.pentathlonmoderno.it\/SitoWP\/index.php?rest_route=%2Fwp%2Fv2%2Fmedia&parent=2387"}],"curies":[{"name":"wp","href":"https:\/\/api.w.org\/{rel}","templated":true}]}}